{"id":13077,"date":"2019-01-22T17:54:23","date_gmt":"2019-01-22T09:54:23","guid":{"rendered":"https:\/\/www.karmamedical.com\/about-the-karma-fit\/"},"modified":"2019-04-02T12:31:03","modified_gmt":"2019-04-02T04:31:03","slug":"about-the-karma-fit","status":"publish","type":"page","link":"https:\/\/www.karmamedical.com\/es\/about-the-karma-fit\/","title":{"rendered":"Karma, a la medida | About Karma &#8211; The Karma Fit"},"content":{"rendered":"\t<section class=\"section\" id=\"section_462038524\">\n\t\t<div class=\"bg section-bg fill bg-fill  \" >\n\n\t\t\t\n\t\t\t\n\t\t\t\n\n\t\t<\/div>\n\n\t\t\n\n\t\t<div class=\"section-content relative\">\n\t\t\t\n<div class=\"row align-bottom align-center\"  id=\"row-588154053\">\n<\/div>\n\t\t<\/div>\n\n\t\t\n<style>\n#section_462038524 {\n  padding-top: 120px;\n  padding-bottom: 120px;\n}\n#section_462038524 .section-bg.bg-loaded {\n  background-image: url(https:\/\/www.karmamedical.com\/wp-content\/uploads\/2018\/07\/brand-story-head.jpg);\n}\n#section_462038524 .ux-shape-divider--top svg {\n  height: 150px;\n  --divider-top-width: 100%;\n}\n#section_462038524 .ux-shape-divider--bottom svg {\n  height: 150px;\n  --divider-width: 100%;\n}\n@media (min-width:550px) {\n  #section_462038524 {\n    padding-top: 125px;\n    padding-bottom: 125px;\n  }\n}\n@media (min-width:850px) {\n  #section_462038524 {\n    padding-top: 200px;\n    padding-bottom: 200px;\n  }\n}\n<\/style>\n\t<\/section>\n\t\n\t<section class=\"section\" id=\"section_1884047547\">\n\t\t<div class=\"bg section-bg fill bg-fill  bg-loaded\" >\n\n\t\t\t\n\t\t\t\n\t\t\t\n\n\t\t<\/div>\n\n\t\t\n\n\t\t<div class=\"section-content relative\">\n\t\t\t\n<div class=\"row row-collapse row-full-width\"  id=\"row-127118317\">\n\n\t<div id=\"col-1369790741\" class=\"col about_widget medium-12 small-12 large-3\"  >\n\t\t\t\t<div class=\"col-inner\" style=\"background-color:rgb(237, 237, 237);\" >\n\t\t\t\n\t\t\t\n<ul class=\"sidebar-wrapper ul-reset\"><div class=\"dcjq-accordion\" id=\"dc_jqaccordion_widget-4-item\">\r\n\t\t\r\n\t\t\t<ul id=\"menu-about-spanish\" class=\"menu\"><li id=\"menu-item-14247\" class=\"menu-item menu-item-type-custom menu-item-object-custom menu-item-has-children menu-item-14247\"><a href=\"#\">Historia<\/a>\n<ul class=\"sub-menu\">\n\t<li id=\"menu-item-14248\" class=\"menu-item menu-item-type-post_type menu-item-object-page menu-item-14248\"><a href=\"https:\/\/www.karmamedical.com\/es\/about-karma-the-beginning\/\">El Principio<\/a><\/li>\n\t<li id=\"menu-item-14249\" class=\"menu-item menu-item-type-post_type menu-item-object-page menu-item-14249\"><a href=\"https:\/\/www.karmamedical.com\/es\/about-karma-milestone\/\">Hito<\/a><\/li>\n\t<li id=\"menu-item-14250\" class=\"menu-item menu-item-type-post_type menu-item-object-page menu-item-14250\"><a href=\"https:\/\/www.karmamedical.com\/es\/about-karma-awards\/\">Premios y reconocimientos<\/a><\/li>\n<\/ul>\n<\/li>\n<li id=\"menu-item-14251\" class=\"menu-item menu-item-type-custom menu-item-object-custom menu-item-has-children menu-item-14251\"><a href=\"#\">Fundamentos del Karma<\/a>\n<ul class=\"sub-menu\">\n\t<li id=\"menu-item-14252\" class=\"menu-item menu-item-type-post_type menu-item-object-page menu-item-14252\"><a href=\"https:\/\/www.karmamedical.com\/es\/about-karma-why-karma\/\">\u00bfPor qu\u00e9? KARMA<\/a><\/li>\n\t<li id=\"menu-item-14253\" class=\"menu-item menu-item-type-post_type menu-item-object-page menu-item-14253\"><a href=\"https:\/\/www.karmamedical.com\/es\/about-karma-vision-mission-value\/\">VISI\u00d3N, MISION, VALORES<\/a><\/li>\n\t<li id=\"menu-item-14254\" class=\"menu-item menu-item-type-post_type menu-item-object-page menu-item-14254\"><a href=\"https:\/\/www.karmamedical.com\/es\/about-the-karma-fit\/\">Karma, a la medida<\/a><\/li>\n<\/ul>\n<\/li>\n<li id=\"menu-item-14260\" class=\"menu-item menu-item-type-post_type menu-item-object-page menu-item-14260\"><a href=\"https:\/\/www.karmamedical.com\/es\/global\/\">Red global<\/a><\/li>\n<li id=\"menu-item-14261\" class=\"menu-item menu-item-type-post_type menu-item-object-page menu-item-14261\"><a href=\"https:\/\/www.karmamedical.com\/es\/moboticslab\/\">Mobotics Lab<\/a><\/li>\n<\/ul>\t\t\r\n\t\t<\/div><\/ul>\n\t\t<\/div>\n\t\t\t\t\n<style>\n#col-1369790741 > .col-inner {\n  padding: 0px 0px 0 0px;\n  margin: 0px 0px 0 0px;\n}\n<\/style>\n\t<\/div>\n\n\t\n\n\t<div id=\"col-1159911554\" class=\"col knowledge_txt medium-12 small-12 large-9\"  >\n\t\t\t\t<div class=\"col-inner text-left\"  >\n\t\t\t\n\t\t\t\n<h1 style=\"font-size: 44px;\"><span style=\"font-size: 80%;\">Karma, a la medida<br \/>\n<\/span><\/h1>\n<p>&nbsp;<\/p>\n\t<div class=\"img has-hover x md-x lg-x y md-y lg-y\" id=\"image_1178079863\">\n\t\t\t\t\t\t\t\t<div class=\"img-inner dark\" >\n\t\t\t<img decoding=\"async\" width=\"600\" height=\"417\" src=\"https:\/\/www.karmamedical.com\/wp-content\/uploads\/2019\/01\/not-all-wheelchairs-are-the-same.jpg\" class=\"attachment-large size-large\" alt=\"\" srcset=\"https:\/\/www.karmamedical.com\/wp-content\/uploads\/2019\/01\/not-all-wheelchairs-are-the-same.jpg 600w, https:\/\/www.karmamedical.com\/wp-content\/uploads\/2019\/01\/not-all-wheelchairs-are-the-same-300x209.jpg 300w\" sizes=\"(max-width: 600px) 100vw, 600px\" \/>\t\t\t\t\t\t\n\t\t\t\t\t<\/div>\n\t\t\t\t\t\t\t\t\n<style>\n#image_1178079863 {\n  width: 100%;\n}\n@media (min-width:550px) {\n  #image_1178079863 {\n    width: 35%;\n  }\n}\n<\/style>\n\t<\/div>\n\t\n<p><span style=\"font-weight: 400;\">Nuestro equipo de investigaci\u00f3n y desarrollo, independientemente de d\u00f3nde se encuentran, sigue rigurosamente la gu\u00eda KARMA Fit al desarrollar ayudas para la movilidad. \u00a0Lo que significa que toman en cuenta las necesidades, preocupaciones y proceso de toma de decisiones del usuario y no s\u00f3lo producen ayudas para la movilidad en serie. Despu\u00e9s de todo, un mismo tama\u00f1o ciertamente no encaja para todos.<\/span><span style=\"font-weight: 400;\"><br \/><\/span><span style=\"font-weight: 400;\"><br \/><\/span><span style=\"font-weight: 400;\">Hay una serie de factores que se deben tener en cuenta al encontrar la silla de ruedas adecuada.<\/span><\/p>\n<p><strong><span style=\"color: #28b3a9;\">Presupuesto<\/span> <\/strong>&#8211; <span style=\"font-weight: 400;\">su rango de precios.<\/span><\/p>\n<p><strong><span style=\"color: #28b3a9;\">Condiciones f\u00edsicas<\/span><\/strong> &#8211; <span style=\"font-weight: 400;\">su movilidad, tolerancia, equilibrio y postura<\/span><\/p>\n<p><strong><span style=\"color: #28b3a9;\">Medidas del cuerpo<\/span><\/strong> &#8211; <span style=\"font-weight: 400;\">tama\u00f1o y forma de su cuerpo<\/span><\/p>\n<p><strong><span style=\"color: #28b3a9;\">Estilo de vida<\/span> <\/strong>&#8211; <span style=\"font-weight: 400;\">activo\/semi-activo, interiores\/exteriores, uso rural\/urbano, espacio limitado, etc.<\/span><\/p>\n\t<div class=\"img has-hover x md-x lg-x y md-y lg-y\" id=\"image_1811547925\">\n\t\t\t\t\t\t\t\t<div class=\"img-inner dark\" >\n\t\t\t<img decoding=\"async\" width=\"650\" height=\"491\" src=\"https:\/\/www.karmamedical.com\/wp-content\/uploads\/2019\/01\/karma-fit.jpg\" class=\"attachment-large size-large\" alt=\"\" srcset=\"https:\/\/www.karmamedical.com\/wp-content\/uploads\/2019\/01\/karma-fit.jpg 650w, https:\/\/www.karmamedical.com\/wp-content\/uploads\/2019\/01\/karma-fit-300x227.jpg 300w, https:\/\/www.karmamedical.com\/wp-content\/uploads\/2019\/01\/karma-fit-600x453.jpg 600w\" sizes=\"(max-width: 650px) 100vw, 650px\" \/>\t\t\t\t\t\t\n\t\t\t\t\t<\/div>\n\t\t\t\t\t\t\t\t\n<style>\n#image_1811547925 {\n  width: 100%;\n}\n@media (min-width:550px) {\n  #image_1811547925 {\n    width: 40%;\n  }\n}\n<\/style>\n\t<\/div>\n\t\n\t\t<\/div>\n\t\t\t\t\n<style>\n#col-1159911554 > .col-inner {\n  padding: 110px 100px 70px 120px;\n}\n<\/style>\n\t<\/div>\n\n\t\n<\/div>\n\t\t<\/div>\n\n\t\t\n<style>\n#section_1884047547 {\n  padding-top: 0px;\n  padding-bottom: 0px;\n}\n#section_1884047547 .ux-shape-divider--top svg {\n  height: 150px;\n  --divider-top-width: 100%;\n}\n#section_1884047547 .ux-shape-divider--bottom svg {\n  height: 150px;\n  --divider-width: 100%;\n}\n<\/style>\n\t<\/section>\n\t\n","protected":false},"excerpt":{"rendered":"","protected":false},"author":41,"featured_media":0,"parent":0,"menu_order":0,"comment_status":"closed","ping_status":"closed","template":"page-transparent-header.php","meta":{"content-type":"","footnotes":""},"categories":[],"tags":[],"class_list":["post-13077","page","type-page","status-publish","hentry"],"aioseo_notices":[],"_links":{"self":[{"href":"https:\/\/www.karmamedical.com\/es\/wp-json\/wp\/v2\/pages\/13077","targetHints":{"allow":["GET"]}}],"collection":[{"href":"https:\/\/www.karmamedical.com\/es\/wp-json\/wp\/v2\/pages"}],"about":[{"href":"https:\/\/www.karmamedical.com\/es\/wp-json\/wp\/v2\/types\/page"}],"author":[{"embeddable":true,"href":"https:\/\/www.karmamedical.com\/es\/wp-json\/wp\/v2\/users\/41"}],"replies":[{"embeddable":true,"href":"https:\/\/www.karmamedical.com\/es\/wp-json\/wp\/v2\/comments?post=13077"}],"version-history":[{"count":2,"href":"https:\/\/www.karmamedical.com\/es\/wp-json\/wp\/v2\/pages\/13077\/revisions"}],"predecessor-version":[{"id":15140,"href":"https:\/\/www.karmamedical.com\/es\/wp-json\/wp\/v2\/pages\/13077\/revisions\/15140"}],"wp:attachment":[{"href":"https:\/\/www.karmamedical.com\/es\/wp-json\/wp\/v2\/media?parent=13077"}],"wp:term":[{"taxonomy":"category","embeddable":true,"href":"https:\/\/www.karmamedical.com\/es\/wp-json\/wp\/v2\/categories?post=13077"},{"taxonomy":"post_tag","embeddable":true,"href":"https:\/\/www.karmamedical.com\/es\/wp-json\/wp\/v2\/tags?post=13077"}],"curies":[{"name":"wp","href":"https:\/\/api.w.org\/{rel}","templated":true}]}}