{"id":13078,"date":"2019-01-22T17:52:18","date_gmt":"2019-01-22T09:52:18","guid":{"rendered":"https:\/\/www.karmamedical.com\/about-karma-why-karma\/"},"modified":"2019-04-02T12:31:42","modified_gmt":"2019-04-02T04:31:42","slug":"about-karma-why-karma","status":"publish","type":"page","link":"https:\/\/www.karmamedical.com\/es\/about-karma-why-karma\/","title":{"rendered":"\u00bfPor qu\u00e9? KARMA | About Karma &#8211; Why Karma"},"content":{"rendered":"\t<section class=\"section\" id=\"section_990966814\">\n\t\t<div class=\"bg section-bg fill bg-fill  \" >\n\n\t\t\t\n\t\t\t\n\t\t\t\n\n\t\t<\/div>\n\n\t\t\n\n\t\t<div class=\"section-content relative\">\n\t\t\t\n<div class=\"row align-bottom align-center\"  id=\"row-2056290120\">\n<\/div>\n\t\t<\/div>\n\n\t\t\n<style>\n#section_990966814 {\n  padding-top: 120px;\n  padding-bottom: 120px;\n}\n#section_990966814 .section-bg.bg-loaded {\n  background-image: url(https:\/\/www.karmamedical.com\/wp-content\/uploads\/2018\/07\/brand-story-head.jpg);\n}\n#section_990966814 .ux-shape-divider--top svg {\n  height: 150px;\n  --divider-top-width: 100%;\n}\n#section_990966814 .ux-shape-divider--bottom svg {\n  height: 150px;\n  --divider-width: 100%;\n}\n@media (min-width:550px) {\n  #section_990966814 {\n    padding-top: 125px;\n    padding-bottom: 125px;\n  }\n}\n@media (min-width:850px) {\n  #section_990966814 {\n    padding-top: 200px;\n    padding-bottom: 200px;\n  }\n}\n<\/style>\n\t<\/section>\n\t\n\t<section class=\"section\" id=\"section_1337675129\">\n\t\t<div class=\"bg section-bg fill bg-fill  bg-loaded\" >\n\n\t\t\t\n\t\t\t\n\t\t\t\n\n\t\t<\/div>\n\n\t\t\n\n\t\t<div class=\"section-content relative\">\n\t\t\t\n<div class=\"row row-collapse row-full-width\"  id=\"row-1110299117\">\n\n\t<div id=\"col-942471471\" class=\"col about_widget medium-12 small-12 large-3\"  >\n\t\t\t\t<div class=\"col-inner\" style=\"background-color:rgb(237, 237, 237);\" >\n\t\t\t\n\t\t\t\n<ul class=\"sidebar-wrapper ul-reset\"><div class=\"dcjq-accordion\" id=\"dc_jqaccordion_widget-4-item\">\r\n\t\t\r\n\t\t\t<ul id=\"menu-about-spanish\" class=\"menu\"><li id=\"menu-item-14247\" class=\"menu-item menu-item-type-custom menu-item-object-custom menu-item-has-children menu-item-14247\"><a href=\"#\">Historia<\/a>\n<ul class=\"sub-menu\">\n\t<li id=\"menu-item-14248\" class=\"menu-item menu-item-type-post_type menu-item-object-page menu-item-14248\"><a href=\"https:\/\/www.karmamedical.com\/es\/about-karma-the-beginning\/\">El Principio<\/a><\/li>\n\t<li id=\"menu-item-14249\" class=\"menu-item menu-item-type-post_type menu-item-object-page menu-item-14249\"><a href=\"https:\/\/www.karmamedical.com\/es\/about-karma-milestone\/\">Hito<\/a><\/li>\n\t<li id=\"menu-item-14250\" class=\"menu-item menu-item-type-post_type menu-item-object-page menu-item-14250\"><a href=\"https:\/\/www.karmamedical.com\/es\/about-karma-awards\/\">Premios y reconocimientos<\/a><\/li>\n<\/ul>\n<\/li>\n<li id=\"menu-item-14251\" class=\"menu-item menu-item-type-custom menu-item-object-custom menu-item-has-children menu-item-14251\"><a href=\"#\">Fundamentos del Karma<\/a>\n<ul class=\"sub-menu\">\n\t<li id=\"menu-item-14252\" class=\"menu-item menu-item-type-post_type menu-item-object-page menu-item-14252\"><a href=\"https:\/\/www.karmamedical.com\/es\/about-karma-why-karma\/\">\u00bfPor qu\u00e9? KARMA<\/a><\/li>\n\t<li id=\"menu-item-14253\" class=\"menu-item menu-item-type-post_type menu-item-object-page menu-item-14253\"><a href=\"https:\/\/www.karmamedical.com\/es\/about-karma-vision-mission-value\/\">VISI\u00d3N, MISION, VALORES<\/a><\/li>\n\t<li id=\"menu-item-14254\" class=\"menu-item menu-item-type-post_type menu-item-object-page menu-item-14254\"><a href=\"https:\/\/www.karmamedical.com\/es\/about-the-karma-fit\/\">Karma, a la medida<\/a><\/li>\n<\/ul>\n<\/li>\n<li id=\"menu-item-14260\" class=\"menu-item menu-item-type-post_type menu-item-object-page menu-item-14260\"><a href=\"https:\/\/www.karmamedical.com\/es\/global\/\">Red global<\/a><\/li>\n<li id=\"menu-item-14261\" class=\"menu-item menu-item-type-post_type menu-item-object-page menu-item-14261\"><a href=\"https:\/\/www.karmamedical.com\/es\/moboticslab\/\">Mobotics Lab<\/a><\/li>\n<\/ul>\t\t\r\n\t\t<\/div><\/ul>\n\t\t<\/div>\n\t\t\t\t\n<style>\n#col-942471471 > .col-inner {\n  padding: 0px 0px 0 0px;\n  margin: 0px 0px 0 0px;\n}\n<\/style>\n\t<\/div>\n\n\t\n\n\t<div id=\"col-1815675988\" class=\"col knowledge_txt medium-12 small-12 large-9\"  >\n\t\t\t\t<div class=\"col-inner text-left\"  >\n\t\t\t\n\t\t\t\n<h1 style=\"font-size: 44px;\"><span style=\"font-size: 80%;\">\u00bfPor qu\u00e9? KARMA <\/span><\/h1>\n<p>\u00a0<\/p>\n<p>De su origen en s\u00e1nscrito, Karma significa principalmente &#8220;acci\u00f3n&#8221;. Karma es una filosof\u00eda oriental que enfatiza que las acciones individuales determinan las consecuencias futuras del individuo-&#8220;lo que usted da en la vida, usted conseguir\u00e1 a cambio.&#8221;<\/p>\n<p>Nos nombramos a nosotros mismos Karma porque queremos aportar energ\u00eda positiva a la vida de todos los usuarios de las sillas de ruedas Karma. Entendemos que perder la movilidad es un desaf\u00edo de vida aterrador, pero mientras luchemos y propaguemos energ\u00eda positiva, superaremos nuestros desaf\u00edos. Creemos que el trabajo duro y una actitud positiva traer\u00e1 buenas cosas.<\/p>\n<p>Para nosotros, debido al &#8220;Karma,\u201d tomamos medidas para ayudar a las personas con discapacidades. Hacemos todo lo posible para proporcionar productos de calidad que se adapten a la necesidad de todos y ayudarles a llevar una vida satisfactoria, independientemente de la discapacidad. La palabra, \u201cKarma,\u201d nos recuerda a no estar ociosos, sino tomar acci\u00f3n y contribuir positivamente a la vida de las personas.<\/p>\n\t<div class=\"img has-hover x md-x lg-x y md-y lg-y\" id=\"image_493174056\">\n\t\t\t\t\t\t\t\t<div class=\"img-inner dark\" >\n\t\t\t<img decoding=\"async\" width=\"1020\" height=\"478\" src=\"https:\/\/www.karmamedical.com\/wp-content\/uploads\/2018\/07\/brand-story-3-1024x480.jpg\" class=\"attachment-large size-large\" alt=\"\" srcset=\"https:\/\/www.karmamedical.com\/wp-content\/uploads\/2018\/07\/brand-story-3-1024x480.jpg 1024w, https:\/\/www.karmamedical.com\/wp-content\/uploads\/2018\/07\/brand-story-3-300x141.jpg 300w, https:\/\/www.karmamedical.com\/wp-content\/uploads\/2018\/07\/brand-story-3-768x360.jpg 768w, https:\/\/www.karmamedical.com\/wp-content\/uploads\/2018\/07\/brand-story-3-600x281.jpg 600w, https:\/\/www.karmamedical.com\/wp-content\/uploads\/2018\/07\/brand-story-3.jpg 1192w\" sizes=\"(max-width: 1020px) 100vw, 1020px\" \/>\t\t\t\t\t\t\n\t\t\t\t\t<\/div>\n\t\t\t\t\t\t\t\t\n<style>\n#image_493174056 {\n  width: 100%;\n}\n<\/style>\n\t<\/div>\n\t\n\t\t<\/div>\n\t\t\t\t\n<style>\n#col-1815675988 > .col-inner {\n  padding: 110px 100px 70px 120px;\n}\n<\/style>\n\t<\/div>\n\n\t\n<\/div>\n\t\t<\/div>\n\n\t\t\n<style>\n#section_1337675129 {\n  padding-top: 0px;\n  padding-bottom: 0px;\n}\n#section_1337675129 .ux-shape-divider--top svg {\n  height: 150px;\n  --divider-top-width: 100%;\n}\n#section_1337675129 .ux-shape-divider--bottom svg {\n  height: 150px;\n  --divider-width: 100%;\n}\n<\/style>\n\t<\/section>\n\t\n","protected":false},"excerpt":{"rendered":"","protected":false},"author":41,"featured_media":0,"parent":0,"menu_order":0,"comment_status":"closed","ping_status":"closed","template":"page-transparent-header.php","meta":{"content-type":"","footnotes":""},"categories":[],"tags":[],"class_list":["post-13078","page","type-page","status-publish","hentry"],"aioseo_notices":[],"_links":{"self":[{"href":"https:\/\/www.karmamedical.com\/es\/wp-json\/wp\/v2\/pages\/13078","targetHints":{"allow":["GET"]}}],"collection":[{"href":"https:\/\/www.karmamedical.com\/es\/wp-json\/wp\/v2\/pages"}],"about":[{"href":"https:\/\/www.karmamedical.com\/es\/wp-json\/wp\/v2\/types\/page"}],"author":[{"embeddable":true,"href":"https:\/\/www.karmamedical.com\/es\/wp-json\/wp\/v2\/users\/41"}],"replies":[{"embeddable":true,"href":"https:\/\/www.karmamedical.com\/es\/wp-json\/wp\/v2\/comments?post=13078"}],"version-history":[{"count":2,"href":"https:\/\/www.karmamedical.com\/es\/wp-json\/wp\/v2\/pages\/13078\/revisions"}],"predecessor-version":[{"id":15142,"href":"https:\/\/www.karmamedical.com\/es\/wp-json\/wp\/v2\/pages\/13078\/revisions\/15142"}],"wp:attachment":[{"href":"https:\/\/www.karmamedical.com\/es\/wp-json\/wp\/v2\/media?parent=13078"}],"wp:term":[{"taxonomy":"category","embeddable":true,"href":"https:\/\/www.karmamedical.com\/es\/wp-json\/wp\/v2\/categories?post=13078"},{"taxonomy":"post_tag","embeddable":true,"href":"https:\/\/www.karmamedical.com\/es\/wp-json\/wp\/v2\/tags?post=13078"}],"curies":[{"name":"wp","href":"https:\/\/api.w.org\/{rel}","templated":true}]}}