{"id":13080,"date":"2019-01-21T18:31:55","date_gmt":"2019-01-21T10:31:55","guid":{"rendered":"https:\/\/www.karmamedical.com\/about-karma-vision-mission-value\/"},"modified":"2019-04-02T12:31:24","modified_gmt":"2019-04-02T04:31:24","slug":"about-karma-vision-mission-value","status":"publish","type":"page","link":"https:\/\/www.karmamedical.com\/es\/about-karma-vision-mission-value\/","title":{"rendered":"VISI\u00d3N, MISION, VALORES | About Karma &#8211; Vision, Mission and Value"},"content":{"rendered":"\t<section class=\"section\" id=\"section_725554011\">\n\t\t<div class=\"bg section-bg fill bg-fill  \" >\n\n\t\t\t\n\t\t\t\n\t\t\t\n\n\t\t<\/div>\n\n\t\t\n\n\t\t<div class=\"section-content relative\">\n\t\t\t\n<div class=\"row align-bottom align-center\"  id=\"row-830422599\">\n<\/div>\n\t\t<\/div>\n\n\t\t\n<style>\n#section_725554011 {\n  padding-top: 120px;\n  padding-bottom: 120px;\n}\n#section_725554011 .section-bg.bg-loaded {\n  background-image: url(https:\/\/www.karmamedical.com\/wp-content\/uploads\/2018\/07\/brand-story-head.jpg);\n}\n#section_725554011 .ux-shape-divider--top svg {\n  height: 150px;\n  --divider-top-width: 100%;\n}\n#section_725554011 .ux-shape-divider--bottom svg {\n  height: 150px;\n  --divider-width: 100%;\n}\n@media (min-width:550px) {\n  #section_725554011 {\n    padding-top: 125px;\n    padding-bottom: 125px;\n  }\n}\n@media (min-width:850px) {\n  #section_725554011 {\n    padding-top: 200px;\n    padding-bottom: 200px;\n  }\n}\n<\/style>\n\t<\/section>\n\t\n\t<section class=\"section\" id=\"section_1839704758\">\n\t\t<div class=\"bg section-bg fill bg-fill  bg-loaded\" >\n\n\t\t\t\n\t\t\t\n\t\t\t\n\n\t\t<\/div>\n\n\t\t\n\n\t\t<div class=\"section-content relative\">\n\t\t\t\n<div class=\"row row-collapse row-full-width\"  id=\"row-1735891634\">\n\n\t<div id=\"col-1725211308\" class=\"col about_widget medium-12 small-12 large-3\"  >\n\t\t\t\t<div class=\"col-inner\" style=\"background-color:rgb(237, 237, 237);\" >\n\t\t\t\n\t\t\t\n<ul class=\"sidebar-wrapper ul-reset\"><div class=\"dcjq-accordion\" id=\"dc_jqaccordion_widget-4-item\">\r\n\t\t\r\n\t\t\t<ul id=\"menu-about-spanish\" class=\"menu\"><li id=\"menu-item-14247\" class=\"menu-item menu-item-type-custom menu-item-object-custom menu-item-has-children menu-item-14247\"><a href=\"#\">Historia<\/a>\n<ul class=\"sub-menu\">\n\t<li id=\"menu-item-14248\" class=\"menu-item menu-item-type-post_type menu-item-object-page menu-item-14248\"><a href=\"https:\/\/www.karmamedical.com\/es\/about-karma-the-beginning\/\">El Principio<\/a><\/li>\n\t<li id=\"menu-item-14249\" class=\"menu-item menu-item-type-post_type menu-item-object-page menu-item-14249\"><a href=\"https:\/\/www.karmamedical.com\/es\/about-karma-milestone\/\">Hito<\/a><\/li>\n\t<li id=\"menu-item-14250\" class=\"menu-item menu-item-type-post_type menu-item-object-page menu-item-14250\"><a href=\"https:\/\/www.karmamedical.com\/es\/about-karma-awards\/\">Premios y reconocimientos<\/a><\/li>\n<\/ul>\n<\/li>\n<li id=\"menu-item-14251\" class=\"menu-item menu-item-type-custom menu-item-object-custom menu-item-has-children menu-item-14251\"><a href=\"#\">Fundamentos del Karma<\/a>\n<ul class=\"sub-menu\">\n\t<li id=\"menu-item-14252\" class=\"menu-item menu-item-type-post_type menu-item-object-page menu-item-14252\"><a href=\"https:\/\/www.karmamedical.com\/es\/about-karma-why-karma\/\">\u00bfPor qu\u00e9? KARMA<\/a><\/li>\n\t<li id=\"menu-item-14253\" class=\"menu-item menu-item-type-post_type menu-item-object-page menu-item-14253\"><a href=\"https:\/\/www.karmamedical.com\/es\/about-karma-vision-mission-value\/\">VISI\u00d3N, MISION, VALORES<\/a><\/li>\n\t<li id=\"menu-item-14254\" class=\"menu-item menu-item-type-post_type menu-item-object-page menu-item-14254\"><a href=\"https:\/\/www.karmamedical.com\/es\/about-the-karma-fit\/\">Karma, a la medida<\/a><\/li>\n<\/ul>\n<\/li>\n<li id=\"menu-item-14260\" class=\"menu-item menu-item-type-post_type menu-item-object-page menu-item-14260\"><a href=\"https:\/\/www.karmamedical.com\/es\/global\/\">Red global<\/a><\/li>\n<li id=\"menu-item-14261\" class=\"menu-item menu-item-type-post_type menu-item-object-page menu-item-14261\"><a href=\"https:\/\/www.karmamedical.com\/es\/moboticslab\/\">Mobotics Lab<\/a><\/li>\n<\/ul>\t\t\r\n\t\t<\/div><\/ul>\n\t\t<\/div>\n\t\t\t\t\n<style>\n#col-1725211308 > .col-inner {\n  padding: 0px 0px 0 0px;\n  margin: 0px 0px 0 0px;\n}\n<\/style>\n\t<\/div>\n\n\t\n\n\t<div id=\"col-837588223\" class=\"col knowledge_txt medium-12 small-12 large-9\"  >\n\t\t\t\t<div class=\"col-inner text-left\"  >\n\t\t\t\n\t\t\t\n<h1 style=\"font-size: 44px;\"><span style=\"font-size: 80%;\">VISI\u00d3N, MISION, VALORES<br \/>\n<\/span><\/h1>\n<p><span style=\"font-weight: 400;\">La poblaci\u00f3n mundial que r\u00e1pidamente envejece desafiar\u00e1 la econom\u00eda y el sistema de atenci\u00f3n en salud. \u00a0\u00bfC\u00f3mo mejoramos la calidad de vida de las personas mayores, mitigando los costos de atenci\u00f3n sanitaria y reduciendo el impacto al medio ambiente? Nuestras estrategias de toma de decisiones y de negocios se basan en nuestra visi\u00f3n, misi\u00f3n y valores. Ayudan a definir <\/span><span style=\"font-weight: 400;\">el sendero de KRMA<\/span><span style=\"font-weight: 400;\"> hacia el futuro.<\/span><\/p>\n<p><span style=\"color: #28b3a9;\"><strong><b>NUESTRA VISI\u00d3N<\/b><br \/><\/strong><\/span><span style=\"font-weight: 400;\">Ser el mejor proveedor de ayuda para la movilidad.<\/span><\/p>\n<p><span style=\"color: #28b3a9;\"><strong><b>NUESTRA MISION<br \/><\/b><\/strong><\/span><span style=\"font-weight: 400;\">Proporcionar productos de calidad y de confianza.\u00a0<\/span><span style=\"font-weight: 400;\">Enriquecer la vida de las personas con discapacidades f\u00edsicas.<\/span><\/p>\n<p><span style=\"color: #28b3a9;\"><strong>OUR VALUES<br \/><\/strong><\/span><strong>Pasi\u00f3n<\/strong> &#8211; <span style=\"font-weight: 400;\">compromiso con nuestro trabajo, clientes, socios y empleados.<\/span><br \/><strong>Integridad<\/strong> &#8211; <span style=\"font-weight: 400;\">Hacer lo correcto.<\/span><br \/><strong>Compasi\u00f3n <\/strong>&#8211; <span style=\"font-weight: 400;\">Escuchar, cuidar y servir.<\/span><br \/><strong>Respetar<\/strong> &#8211; <span style=\"font-weight: 400;\">Tratar a todos con respeto y dignidad.<\/span><br \/><strong>Innovaci\u00f3n <\/strong>&#8211;<span style=\"font-weight: 400;\">Dedicados a la mejora continua.<br \/><\/span><strong>Medio ambiente<\/strong> &#8211; Proteger el medio ambiente y adoptar una estrategia empresarial sustentable.<\/p>\n<p>\u00a0<\/p>\n<p><b>NUESTRA ESTRATEGIA<\/b><\/p>\n<p><span style=\"font-weight: 400;\">La estrategia de &#8220;cuatro enfoques&#8221; ha guiado a <\/span><span style=\"font-weight: 400;\">Karma<\/span><span style=\"font-weight: 400;\"> en elegir consistentemente el mejor curso de acci\u00f3n para mejorar el valor de sus productos y marca.<\/span><\/p>\n<p><span style=\"color: #28b3a9;\"><strong>01. CALIDAD<\/strong><\/span> &#8211; <span style=\"font-weight: 400;\">En sus inicios, en <\/span><span style=\"font-weight: 400;\">Karma<\/span><span style=\"font-weight: 400;\">, formulamos una estrategia de &#8220;enfoque en la calidad&#8221; para establecer y fortalecer la calidad de nuestros productos.<\/span><span style=\"font-weight: 400;\"><br \/><\/span><\/p>\n<p><span style=\"color: #28b3a9;\"><strong>02. MARCA<\/strong><\/span> &#8211; <span style=\"font-weight: 400;\">Bas\u00e1ndose en la reputaci\u00f3n de alta calidad, posteriormente desarrollamos una estrategia de &#8220;enfoque en la marca&#8221; para expandirnos y crecer internacionalmente.<\/span><\/p>\n<p><span style=\"color: #28b3a9;\"><strong>03. ESTILO<\/strong><\/span> &#8211; <span style=\"font-weight: 400;\">Avanzando con la estrategia de &#8220;enfoque en el estilo&#8221;, colaboramos con nuestros socios globales para desarrollar productos con estilos \u00fanicos que se adapten a las diferentes preferencias de nuestros diversos clientes.<\/span><\/p>\n<p><span style=\"color: #28b3a9;\"><strong>04. SOSTENIBILIDAD<\/strong><\/span> &#8211; La estrategia de &#8220;centrarse en la sostenibilidad&#8221; es proteger y restaurar el medio ambiente. El \u00e9nfasis es minimizar el impacto negativo sobre el medio ambiente.<\/p>\n\t<div class=\"img has-hover x md-x lg-x y md-y lg-y\" id=\"image_1280421234\">\n\t\t\t\t\t\t\t\t<div class=\"img-inner dark\" >\n\t\t\t<img decoding=\"async\" width=\"282\" height=\"248\" src=\"https:\/\/www.karmamedical.com\/wp-content\/uploads\/2018\/09\/Management-Philosophy.jpg\" class=\"attachment-large size-large\" alt=\"\" \/>\t\t\t\t\t\t\n\t\t\t\t\t<\/div>\n\t\t\t\t\t\t\t\t\n<style>\n#image_1280421234 {\n  width: 88%;\n}\n@media (min-width:550px) {\n  #image_1280421234 {\n    width: 31%;\n  }\n}\n<\/style>\n\t<\/div>\n\t\n\t\t<\/div>\n\t\t\t\t\n<style>\n#col-837588223 > .col-inner {\n  padding: 110px 100px 70px 120px;\n}\n<\/style>\n\t<\/div>\n\n\t\n<\/div>\n\t\t<\/div>\n\n\t\t\n<style>\n#section_1839704758 {\n  padding-top: 0px;\n  padding-bottom: 0px;\n}\n#section_1839704758 .ux-shape-divider--top svg {\n  height: 150px;\n  --divider-top-width: 100%;\n}\n#section_1839704758 .ux-shape-divider--bottom svg {\n  height: 150px;\n  --divider-width: 100%;\n}\n<\/style>\n\t<\/section>\n\t\n","protected":false},"excerpt":{"rendered":"","protected":false},"author":41,"featured_media":0,"parent":0,"menu_order":0,"comment_status":"closed","ping_status":"closed","template":"page-transparent-header.php","meta":{"content-type":"","footnotes":""},"categories":[],"tags":[],"class_list":["post-13080","page","type-page","status-publish","hentry"],"aioseo_notices":[],"_links":{"self":[{"href":"https:\/\/www.karmamedical.com\/es\/wp-json\/wp\/v2\/pages\/13080","targetHints":{"allow":["GET"]}}],"collection":[{"href":"https:\/\/www.karmamedical.com\/es\/wp-json\/wp\/v2\/pages"}],"about":[{"href":"https:\/\/www.karmamedical.com\/es\/wp-json\/wp\/v2\/types\/page"}],"author":[{"embeddable":true,"href":"https:\/\/www.karmamedical.com\/es\/wp-json\/wp\/v2\/users\/41"}],"replies":[{"embeddable":true,"href":"https:\/\/www.karmamedical.com\/es\/wp-json\/wp\/v2\/comments?post=13080"}],"version-history":[{"count":2,"href":"https:\/\/www.karmamedical.com\/es\/wp-json\/wp\/v2\/pages\/13080\/revisions"}],"predecessor-version":[{"id":15141,"href":"https:\/\/www.karmamedical.com\/es\/wp-json\/wp\/v2\/pages\/13080\/revisions\/15141"}],"wp:attachment":[{"href":"https:\/\/www.karmamedical.com\/es\/wp-json\/wp\/v2\/media?parent=13080"}],"wp:term":[{"taxonomy":"category","embeddable":true,"href":"https:\/\/www.karmamedical.com\/es\/wp-json\/wp\/v2\/categories?post=13080"},{"taxonomy":"post_tag","embeddable":true,"href":"https:\/\/www.karmamedical.com\/es\/wp-json\/wp\/v2\/tags?post=13080"}],"curies":[{"name":"wp","href":"https:\/\/api.w.org\/{rel}","templated":true}]}}