{"id":13081,"date":"2019-01-21T18:16:58","date_gmt":"2019-01-21T10:16:58","guid":{"rendered":"https:\/\/www.karmamedical.com\/about-karma-the-beginning\/"},"modified":"2019-04-02T12:30:40","modified_gmt":"2019-04-02T04:30:40","slug":"about-karma-the-beginning","status":"publish","type":"page","link":"https:\/\/www.karmamedical.com\/es\/about-karma-the-beginning\/","title":{"rendered":"EL PRINCIPIO | About Karma &#8211; The Beginning"},"content":{"rendered":"\t<section class=\"section\" id=\"section_304955454\">\n\t\t<div class=\"bg section-bg fill bg-fill  \" >\n\n\t\t\t\n\t\t\t\n\t\t\t\n\n\t\t<\/div>\n\n\t\t\n\n\t\t<div class=\"section-content relative\">\n\t\t\t\n<div class=\"row align-bottom align-center\"  id=\"row-434407785\">\n<\/div>\n\t\t<\/div>\n\n\t\t\n<style>\n#section_304955454 {\n  padding-top: 120px;\n  padding-bottom: 120px;\n}\n#section_304955454 .section-bg.bg-loaded {\n  background-image: url(https:\/\/www.karmamedical.com\/wp-content\/uploads\/2018\/07\/brand-story-head.jpg);\n}\n#section_304955454 .ux-shape-divider--top svg {\n  height: 150px;\n  --divider-top-width: 100%;\n}\n#section_304955454 .ux-shape-divider--bottom svg {\n  height: 150px;\n  --divider-width: 100%;\n}\n@media (min-width:550px) {\n  #section_304955454 {\n    padding-top: 125px;\n    padding-bottom: 125px;\n  }\n}\n@media (min-width:850px) {\n  #section_304955454 {\n    padding-top: 200px;\n    padding-bottom: 200px;\n  }\n}\n<\/style>\n\t<\/section>\n\t\n\t<section class=\"section\" id=\"section_1496680131\">\n\t\t<div class=\"bg section-bg fill bg-fill  bg-loaded\" >\n\n\t\t\t\n\t\t\t\n\t\t\t\n\n\t\t<\/div>\n\n\t\t\n\n\t\t<div class=\"section-content relative\">\n\t\t\t\n<div class=\"row row-collapse row-full-width\"  id=\"row-145088685\">\n\n\t<div id=\"col-1733225240\" class=\"col about_widget medium-12 small-12 large-3\"  >\n\t\t\t\t<div class=\"col-inner\" style=\"background-color:rgb(237, 237, 237);\" >\n\t\t\t\n\t\t\t\n<ul class=\"sidebar-wrapper ul-reset\"><div class=\"dcjq-accordion\" id=\"dc_jqaccordion_widget-4-item\">\r\n\t\t\r\n\t\t\t<ul id=\"menu-about-spanish\" class=\"menu\"><li id=\"menu-item-14247\" class=\"menu-item menu-item-type-custom menu-item-object-custom menu-item-has-children menu-item-14247\"><a href=\"#\">Historia<\/a>\n<ul class=\"sub-menu\">\n\t<li id=\"menu-item-14248\" class=\"menu-item menu-item-type-post_type menu-item-object-page menu-item-14248\"><a href=\"https:\/\/www.karmamedical.com\/es\/about-karma-the-beginning\/\">El Principio<\/a><\/li>\n\t<li id=\"menu-item-14249\" class=\"menu-item menu-item-type-post_type menu-item-object-page menu-item-14249\"><a href=\"https:\/\/www.karmamedical.com\/es\/about-karma-milestone\/\">Hito<\/a><\/li>\n\t<li id=\"menu-item-14250\" class=\"menu-item menu-item-type-post_type menu-item-object-page menu-item-14250\"><a href=\"https:\/\/www.karmamedical.com\/es\/about-karma-awards\/\">Premios y reconocimientos<\/a><\/li>\n<\/ul>\n<\/li>\n<li id=\"menu-item-14251\" class=\"menu-item menu-item-type-custom menu-item-object-custom menu-item-has-children menu-item-14251\"><a href=\"#\">Fundamentos del Karma<\/a>\n<ul class=\"sub-menu\">\n\t<li id=\"menu-item-14252\" class=\"menu-item menu-item-type-post_type menu-item-object-page menu-item-14252\"><a href=\"https:\/\/www.karmamedical.com\/es\/about-karma-why-karma\/\">\u00bfPor qu\u00e9? KARMA<\/a><\/li>\n\t<li id=\"menu-item-14253\" class=\"menu-item menu-item-type-post_type menu-item-object-page menu-item-14253\"><a href=\"https:\/\/www.karmamedical.com\/es\/about-karma-vision-mission-value\/\">VISI\u00d3N, MISION, VALORES<\/a><\/li>\n\t<li id=\"menu-item-14254\" class=\"menu-item menu-item-type-post_type menu-item-object-page menu-item-14254\"><a href=\"https:\/\/www.karmamedical.com\/es\/about-the-karma-fit\/\">Karma, a la medida<\/a><\/li>\n<\/ul>\n<\/li>\n<li id=\"menu-item-14260\" class=\"menu-item menu-item-type-post_type menu-item-object-page menu-item-14260\"><a href=\"https:\/\/www.karmamedical.com\/es\/global\/\">Red global<\/a><\/li>\n<li id=\"menu-item-14261\" class=\"menu-item menu-item-type-post_type menu-item-object-page menu-item-14261\"><a href=\"https:\/\/www.karmamedical.com\/es\/moboticslab\/\">Mobotics Lab<\/a><\/li>\n<\/ul>\t\t\r\n\t\t<\/div><\/ul>\n\t\t<\/div>\n\t\t\t\t\n<style>\n#col-1733225240 > .col-inner {\n  padding: 0px 0px 0 0px;\n  margin: 0px 0px 0 0px;\n}\n<\/style>\n\t<\/div>\n\n\t\n\n\t<div id=\"col-1769330703\" class=\"col knowledge_txt medium-12 small-12 large-9\"  >\n\t\t\t\t<div class=\"col-inner text-left\"  >\n\t\t\t\n\t\t\t\n<h1 style=\"font-size: 44px;\"><span style=\"font-size: 80%;\">EL PRINCIPIO<\/span><\/h1>\n<p><span style=\"color: #28b3a9;\"><strong>C\u00f3mo comenz\u00f3 todo&#8230; <\/strong><\/span><\/p>\n<p>Un encuentro casual un d\u00eda lluvioso en 1987 para siempre cambi\u00f3 la vida de un sencillo ingeniero, Kenny Chen, el fundador de KARMA.<\/p>\n<p>Una tarde lluviosa en Taipei, Chen vio a una mujer luchando para introducir la silla de ruedas de su padre en el maletero de su coche. Se detuvo para ofrecerle su ayuda. La silla de ruedas era pesada y dif\u00edcil de levantar. Despu\u00e9s de mucho tiempo y esfuerzo, lograron introducir la silla de ruedas en el maletero, pero la tapa del maletero no cerraba. Chen no pod\u00eda olvidar el agotamiento y la desesperaci\u00f3n en la cara de la mujer o la silla de ruedas dif\u00edcil de manejar.<\/p>\n<p>\u00a0<\/p>\n<p><strong><em>&#8220;\u00bfRealmente tiene que ser de esta manera? \u00bfNo podr\u00edan dise\u00f1arse mejor las sillas de ruedas?&#8221; <\/em><\/strong><\/p>\n<p>\u00a0<\/p>\n<p>Utillizando su experiencia en ingenier\u00eda y administraci\u00f3n industrial, Chen inici\u00f3 \u300c KARMA \u5eb7\u63da \u300d.<\/p>\n<p>Por m\u00e1s de 25 a\u00f1os, Chen trabaj\u00f3 incansablemente con equipos de alta calidad de R&amp;D de varios pa\u00edses para crear muchos dise\u00f1os innovadores, ganando m\u00e1s de cien pacientes. El objetivo es proporcionar las mejores soluciones de movilidad posibles para las personas de todos los \u00e1mbitos de la vida. AL dia de hoy, KARMA es una marca internacional, vendi\u00e9ndole a m\u00e1s de 40 pa\u00edses de todo el mundo.<\/p>\n<p>La pasi\u00f3n y la compasi\u00f3n son los hitos de KARMA y KARMA est\u00e1n comprometidos a mejorar la vida de las personas mayores y con discapacidades y ayudarles a vivir la vida al m\u00e1ximo.<\/p>\n\t\t<\/div>\n\t\t\t\t\n<style>\n#col-1769330703 > .col-inner {\n  padding: 110px 100px 70px 120px;\n}\n<\/style>\n\t<\/div>\n\n\t\n<\/div>\n\t\t<\/div>\n\n\t\t\n<style>\n#section_1496680131 {\n  padding-top: 0px;\n  padding-bottom: 0px;\n}\n#section_1496680131 .ux-shape-divider--top svg {\n  height: 150px;\n  --divider-top-width: 100%;\n}\n#section_1496680131 .ux-shape-divider--bottom svg {\n  height: 150px;\n  --divider-width: 100%;\n}\n<\/style>\n\t<\/section>\n\t\n","protected":false},"excerpt":{"rendered":"","protected":false},"author":41,"featured_media":0,"parent":0,"menu_order":0,"comment_status":"closed","ping_status":"closed","template":"page-transparent-header.php","meta":{"content-type":"","footnotes":""},"categories":[],"tags":[],"class_list":["post-13081","page","type-page","status-publish","hentry"],"aioseo_notices":[],"_links":{"self":[{"href":"https:\/\/www.karmamedical.com\/es\/wp-json\/wp\/v2\/pages\/13081","targetHints":{"allow":["GET"]}}],"collection":[{"href":"https:\/\/www.karmamedical.com\/es\/wp-json\/wp\/v2\/pages"}],"about":[{"href":"https:\/\/www.karmamedical.com\/es\/wp-json\/wp\/v2\/types\/page"}],"author":[{"embeddable":true,"href":"https:\/\/www.karmamedical.com\/es\/wp-json\/wp\/v2\/users\/41"}],"replies":[{"embeddable":true,"href":"https:\/\/www.karmamedical.com\/es\/wp-json\/wp\/v2\/comments?post=13081"}],"version-history":[{"count":2,"href":"https:\/\/www.karmamedical.com\/es\/wp-json\/wp\/v2\/pages\/13081\/revisions"}],"predecessor-version":[{"id":15139,"href":"https:\/\/www.karmamedical.com\/es\/wp-json\/wp\/v2\/pages\/13081\/revisions\/15139"}],"wp:attachment":[{"href":"https:\/\/www.karmamedical.com\/es\/wp-json\/wp\/v2\/media?parent=13081"}],"wp:term":[{"taxonomy":"category","embeddable":true,"href":"https:\/\/www.karmamedical.com\/es\/wp-json\/wp\/v2\/categories?post=13081"},{"taxonomy":"post_tag","embeddable":true,"href":"https:\/\/www.karmamedical.com\/es\/wp-json\/wp\/v2\/tags?post=13081"}],"curies":[{"name":"wp","href":"https:\/\/api.w.org\/{rel}","templated":true}]}}