{"id":13082,"date":"2019-01-21T17:43:42","date_gmt":"2019-01-21T09:43:42","guid":{"rendered":"https:\/\/www.karmamedical.com\/about-karma-awards\/"},"modified":"2019-04-02T12:25:44","modified_gmt":"2019-04-02T04:25:44","slug":"about-karma-awards","status":"publish","type":"page","link":"https:\/\/www.karmamedical.com\/es\/about-karma-awards\/","title":{"rendered":"Premios y reconocimientos | About Karma &#8211; Awards"},"content":{"rendered":"\t<section class=\"section\" id=\"section_1976282251\">\n\t\t<div class=\"bg section-bg fill bg-fill  \" >\n\n\t\t\t\n\t\t\t\n\t\t\t\n\n\t\t<\/div>\n\n\t\t\n\n\t\t<div class=\"section-content relative\">\n\t\t\t\n<div class=\"row align-bottom align-center\"  id=\"row-1777980941\">\n<\/div>\n\t\t<\/div>\n\n\t\t\n<style>\n#section_1976282251 {\n  padding-top: 120px;\n  padding-bottom: 120px;\n}\n#section_1976282251 .section-bg.bg-loaded {\n  background-image: url(https:\/\/www.karmamedical.com\/wp-content\/uploads\/2018\/07\/brand-story-head.jpg);\n}\n#section_1976282251 .ux-shape-divider--top svg {\n  height: 150px;\n  --divider-top-width: 100%;\n}\n#section_1976282251 .ux-shape-divider--bottom svg {\n  height: 150px;\n  --divider-width: 100%;\n}\n@media (min-width:550px) {\n  #section_1976282251 {\n    padding-top: 125px;\n    padding-bottom: 125px;\n  }\n}\n@media (min-width:850px) {\n  #section_1976282251 {\n    padding-top: 200px;\n    padding-bottom: 200px;\n  }\n}\n<\/style>\n\t<\/section>\n\t\n\t<section class=\"section\" id=\"section_888650503\">\n\t\t<div class=\"bg section-bg fill bg-fill  bg-loaded\" >\n\n\t\t\t\n\t\t\t\n\t\t\t\n\n\t\t<\/div>\n\n\t\t\n\n\t\t<div class=\"section-content relative\">\n\t\t\t\n<div class=\"row row-collapse row-full-width\"  id=\"row-1079579895\">\n\n\t<div id=\"col-1276825833\" class=\"col about_widget medium-12 small-12 large-3\"  >\n\t\t\t\t<div class=\"col-inner\" style=\"background-color:rgb(237, 237, 237);\" >\n\t\t\t\n\t\t\t\n<ul class=\"sidebar-wrapper ul-reset\"><div class=\"dcjq-accordion\" id=\"dc_jqaccordion_widget-4-item\">\r\n\t\t\r\n\t\t\t<ul id=\"menu-about-spanish\" class=\"menu\"><li id=\"menu-item-14247\" class=\"menu-item menu-item-type-custom menu-item-object-custom menu-item-has-children menu-item-14247\"><a href=\"#\">Historia<\/a>\n<ul class=\"sub-menu\">\n\t<li id=\"menu-item-14248\" class=\"menu-item menu-item-type-post_type menu-item-object-page menu-item-14248\"><a href=\"https:\/\/www.karmamedical.com\/es\/about-karma-the-beginning\/\">El Principio<\/a><\/li>\n\t<li id=\"menu-item-14249\" class=\"menu-item menu-item-type-post_type menu-item-object-page menu-item-14249\"><a href=\"https:\/\/www.karmamedical.com\/es\/about-karma-milestone\/\">Hito<\/a><\/li>\n\t<li id=\"menu-item-14250\" class=\"menu-item menu-item-type-post_type menu-item-object-page menu-item-14250\"><a href=\"https:\/\/www.karmamedical.com\/es\/about-karma-awards\/\">Premios y reconocimientos<\/a><\/li>\n<\/ul>\n<\/li>\n<li id=\"menu-item-14251\" class=\"menu-item menu-item-type-custom menu-item-object-custom menu-item-has-children menu-item-14251\"><a href=\"#\">Fundamentos del Karma<\/a>\n<ul class=\"sub-menu\">\n\t<li id=\"menu-item-14252\" class=\"menu-item menu-item-type-post_type menu-item-object-page menu-item-14252\"><a href=\"https:\/\/www.karmamedical.com\/es\/about-karma-why-karma\/\">\u00bfPor qu\u00e9? KARMA<\/a><\/li>\n\t<li id=\"menu-item-14253\" class=\"menu-item menu-item-type-post_type menu-item-object-page menu-item-14253\"><a href=\"https:\/\/www.karmamedical.com\/es\/about-karma-vision-mission-value\/\">VISI\u00d3N, MISION, VALORES<\/a><\/li>\n\t<li id=\"menu-item-14254\" class=\"menu-item menu-item-type-post_type menu-item-object-page menu-item-14254\"><a href=\"https:\/\/www.karmamedical.com\/es\/about-the-karma-fit\/\">Karma, a la medida<\/a><\/li>\n<\/ul>\n<\/li>\n<li id=\"menu-item-14260\" class=\"menu-item menu-item-type-post_type menu-item-object-page menu-item-14260\"><a href=\"https:\/\/www.karmamedical.com\/es\/global\/\">Red global<\/a><\/li>\n<li id=\"menu-item-14261\" class=\"menu-item menu-item-type-post_type menu-item-object-page menu-item-14261\"><a href=\"https:\/\/www.karmamedical.com\/es\/moboticslab\/\">Mobotics Lab<\/a><\/li>\n<\/ul>\t\t\r\n\t\t<\/div><\/ul>\n\t\t<\/div>\n\t\t\t\t\n<style>\n#col-1276825833 > .col-inner {\n  padding: 0px 0px 0 0px;\n  margin: 0px 0px 0 0px;\n}\n<\/style>\n\t<\/div>\n\n\t\n\n\t<div id=\"col-226715800\" class=\"col knowledge_txt medium-12 small-12 large-9\"  >\n\t\t\t\t<div class=\"col-inner text-left\"  >\n\t\t\t\n\t\t\t\n<h1 style=\"font-size: 44px;\"><span style=\"font-size: 80%;\">Premios y reconocimientos<\/span><\/h1>\n<div class=\"row row-collapse align-equal\"  id=\"row-2058603819\">\n\n\t<div id=\"col-594352915\" class=\"col medium-3 small-12 large-3\"  >\n\t\t\t\t<div class=\"col-inner text-left\"  >\n\t\t\t\n\t\t\t\n<h2><span style=\"color: #28b3a9;\">2019 &#8216;<\/span><\/h2>\n\t\t<\/div>\n\t\t\t\t\n<style>\n#col-594352915 > .col-inner {\n  padding: 0px 0px 0px 0px;\n}\n<\/style>\n\t<\/div>\n\n\t\n\n\t<div id=\"col-1640022510\" class=\"col medium-9 small-12 large-9\"  >\n\t\t\t\t<div class=\"col-inner text-left\"  >\n\t\t\t\n\t\t\t\n<p>La SOMA 215 de Karma es reconocida como ganadora de 2019 Taiwan Excellence Award\n<\/p>\n\t\t<\/div>\n\t\t\t\t\n<style>\n#col-1640022510 > .col-inner {\n  padding: 0px 0px 0px 8px;\n}\n<\/style>\n\t<\/div>\n\n\t\n\n<style>\n#row-2058603819 > .col > .col-inner {\n  padding: 0px 0px 50px 0px;\n}\n<\/style>\n<\/div>\n<div class=\"row row-collapse align-equal\"  id=\"row-402355961\">\n\n\t<div id=\"col-1699763903\" class=\"col medium-3 small-12 large-3\"  >\n\t\t\t\t<div class=\"col-inner text-left\"  >\n\t\t\t\n\t\t\t\n<h2><span style=\"color: #28b3a9;\">2018 &#8216;<\/span><\/h2>\n\t\t<\/div>\n\t\t\t\t\n<style>\n#col-1699763903 > .col-inner {\n  padding: 0px 0px 0px 0px;\n}\n<\/style>\n\t<\/div>\n\n\t\n\n\t<div id=\"col-1133376181\" class=\"col medium-9 small-12 large-9\"  >\n\t\t\t\t<div class=\"col-inner text-left\"  >\n\t\t\t\n\t\t\t\n<p><span style=\"font-weight: 400;\">La <\/span><span style=\"font-weight: 400;\">EvO Altus <\/span><span style=\"font-weight: 400;\">Silla de ruedas el\u00e9ctrica motorizada para ponerse de Karma se le otorga el <\/span><span style=\"font-weight: 400;\">Red Dot winner<\/span><span style=\"font-weight: 400;\"> del <\/span><span style=\"font-weight: 400;\">2018 Red Dot Award \u2013 Product Design.<\/span> <span style=\"font-weight: 400;\">RED DOT AWARD <\/span><span style=\"font-weight: 400;\">es un concurso internacional de dise\u00f1o para el dise\u00f1o de productos, dise\u00f1o de comunicaci\u00f3n y conceptos de dise\u00f1o. Tiene ra\u00edces que se remontan hasta 1955 en Alemania y determina los mejores productos creados cada a\u00f1o.<\/span><\/p>\n\t\t<\/div>\n\t\t\t\t\n<style>\n#col-1133376181 > .col-inner {\n  padding: 0px 0px 0px 8px;\n}\n<\/style>\n\t<\/div>\n\n\t\n\n<style>\n#row-402355961 > .col > .col-inner {\n  padding: 0px 0px 26px 0px;\n}\n<\/style>\n<\/div>\n<div class=\"row row-collapse align-equal\"  id=\"row-1025683144\">\n\n\t<div id=\"col-1797061992\" class=\"col hide-for-small medium-3 small-12 large-3\"  >\n\t\t\t\t<div class=\"col-inner text-center\"  >\n\t\t\t\n\t\t\t\n\t\t<\/div>\n\t\t\t\t\n<style>\n#col-1797061992 > .col-inner {\n  padding: 0px 0px 0px 0px;\n}\n<\/style>\n\t<\/div>\n\n\t\n\n\t<div id=\"col-1093612372\" class=\"col medium-9 small-12 large-9\"  >\n\t\t\t\t<div class=\"col-inner text-left\"  >\n\t\t\t\n\t\t\t\n<p>El EVO Lectus de Karma gana el 2018 Taiwan Excellence Gold Award.<\/p>\n\t\t<\/div>\n\t\t\t\t\n<style>\n#col-1093612372 > .col-inner {\n  padding: 0px 0px 0px 8px;\n}\n<\/style>\n\t<\/div>\n\n\t\n\n<style>\n#row-1025683144 > .col > .col-inner {\n  padding: 0px 0px 50px 0px;\n}\n<\/style>\n<\/div>\n<div class=\"row row-collapse align-equal\"  id=\"row-481738582\">\n\n\t<div id=\"col-1079966354\" class=\"col medium-3 small-12 large-3\"  >\n\t\t\t\t<div class=\"col-inner text-left\"  >\n\t\t\t\n\t\t\t\n<h2><span style=\"color: #28b3a9;\">2017 &#8216;<\/span><\/h2>\n\t\t<\/div>\n\t\t\t\t\n<style>\n#col-1079966354 > .col-inner {\n  padding: 0px 0px 0px 0px;\n}\n<\/style>\n\t<\/div>\n\n\t\n\n\t<div id=\"col-920984508\" class=\"col medium-9 small-12 large-9\"  >\n\t\t\t\t<div class=\"col-inner text-left\"  >\n\t\t\t\n\t\t\t\n<p>Las sillas de ruedas motorizadas eFlexx y Leon Power de Karma ganan el 2017 Taiwan Excellence Awards.<\/p>\n\t\t<\/div>\n\t\t\t\t\n<style>\n#col-920984508 > .col-inner {\n  padding: 0px 0px 0px 8px;\n}\n<\/style>\n\t<\/div>\n\n\t\n\n<style>\n#row-481738582 > .col > .col-inner {\n  padding: 0px 0px 30px 0px;\n}\n<\/style>\n<\/div>\n<div class=\"row row-collapse align-equal\"  id=\"row-991988746\">\n\n\t<div id=\"col-1838868236\" class=\"col medium-3 small-12 large-3\"  >\n\t\t\t\t<div class=\"col-inner text-left\"  >\n\t\t\t\n\t\t\t\n<h2><span style=\"color: #28b3a9;\">2016 &#8216;<\/span><\/h2>\n\t\t<\/div>\n\t\t\t\t\n<style>\n#col-1838868236 > .col-inner {\n  padding: 0px 0px 0px 0px;\n}\n<\/style>\n\t<\/div>\n\n\t\n\n\t<div id=\"col-1219497310\" class=\"col medium-9 small-12 large-9\"  >\n\t\t\t\t<div class=\"col-inner text-left\"  >\n\t\t\t\n\t\t\t\n<p>Las sillas de ruedas manuales KM 5001, Ergo Live y la silla motorizada Blazer de Karma,  ganan los 2016 Taiwan Excellence Awards.<\/p>\n\t\t<\/div>\n\t\t\t\t\n<style>\n#col-1219497310 > .col-inner {\n  padding: 0px 0px 0px 8px;\n}\n<\/style>\n\t<\/div>\n\n\t\n\n<style>\n#row-991988746 > .col > .col-inner {\n  padding: 0px 0px 30px 0px;\n}\n<\/style>\n<\/div>\n<div class=\"row row-collapse align-equal\"  id=\"row-1364499778\">\n\n\t<div id=\"col-826461995\" class=\"col medium-3 small-12 large-3\"  >\n\t\t\t\t<div class=\"col-inner text-left\"  >\n\t\t\t\n\t\t\t\n<h2><span style=\"color: #28b3a9;\">2015 &#8216;<\/span><\/h2>\n\t\t<\/div>\n\t\t\t\t\n<style>\n#col-826461995 > .col-inner {\n  padding: 0px 0px 0px 0px;\n}\n<\/style>\n\t<\/div>\n\n\t\n\n\t<div id=\"col-1424202118\" class=\"col medium-9 small-12 large-9\"  >\n\t\t\t\t<div class=\"col-inner text-left\"  >\n\t\t\t\n\t\t\t\n<p><span style=\"font-weight: 400;\">La silla de ruedas por prescripci\u00f3n <\/span><span style=\"font-weight: 400;\">EVO Lectus<\/span><span style=\"font-weight: 400;\"> de Karma es honrada como ganadora del<\/span><span style=\"font-weight: 400;\"> 2015 iF Design Award<\/span><span style=\"font-weight: 400;\">. Fundado en<\/span><span style=\"font-weight: 400;\"> 1953, el iF DESIGN AWARD<\/span><span style=\"font-weight: 400;\"> es reconocido como un s\u00edmbolo de la excelencia en el dise\u00f1o en todo el mundo y uno de los premios de dise\u00f1o m\u00e1s importantes del mundo.<\/span><\/p>\n<p><span style=\"font-weight: 400;\">Las sillas manuales de <\/span><span style=\"font-weight: 400;\">Karma: Flexx, MVP 502<\/span><span style=\"font-weight: 400;\">, y <\/span><span style=\"font-weight: 400;\">SME <\/span><span style=\"font-weight: 400;\">ganan el <\/span><span style=\"font-weight: 400;\">Taiwan Excellence Award.<\/span><\/p>\n<p><span style=\"font-weight: 400;\">El<\/span><span style=\"font-weight: 400;\"> Taiwan Excellence Awards son premios anuales otorgados por el<\/span> <span style=\"font-weight: 400;\">Ministry of Economic Affairs (MOEA)<\/span><span style=\"font-weight: 400;\"> y por <\/span><span style=\"font-weight: 400;\">Taiwan External Trade Development Council <\/span><span style=\"font-weight: 400;\">donde el m\u00e9todo de selecci\u00f3n del ganador est\u00e1 basado en cuatro criterios: R&amp;D, dise\u00f1o, calidad y marketing.<\/span><\/p>\n\t\t<\/div>\n\t\t\t\t\n<style>\n#col-1424202118 > .col-inner {\n  padding: 0px 0px 0px 8px;\n}\n<\/style>\n\t<\/div>\n\n\t\n\n<style>\n#row-1364499778 > .col > .col-inner {\n  padding: 0px 0px 30px 0px;\n}\n<\/style>\n<\/div>\n<div class=\"row row-collapse align-equal\"  id=\"row-1358860268\">\n\n\t<div id=\"col-793950597\" class=\"col medium-3 small-12 large-3\"  >\n\t\t\t\t<div class=\"col-inner text-left\"  >\n\t\t\t\n\t\t\t\n<h2><span style=\"color: #28b3a9;\">2014 &#8216;<\/span><\/h2>\n\t\t<\/div>\n\t\t\t\t\n<style>\n#col-793950597 > .col-inner {\n  padding: 0px 0px 0px 0px;\n}\n<\/style>\n\t<\/div>\n\n\t\n\n\t<div id=\"col-955710373\" class=\"col medium-9 small-12 large-9\"  >\n\t\t\t\t<div class=\"col-inner text-left\"  >\n\t\t\t\n\t\t\t\n<p><span style=\"font-weight: 400;\">Las sillas de ruedas manual VIP de Karma ganan el <\/span><span style=\"font-weight: 400;\">Taiwan Excellence Gold Awards<\/span><span style=\"font-weight: 400;\"> y las<\/span><span style=\"font-weight: 400;\"> Sillas de ruedas S-Ergo <\/span><span style=\"font-weight: 400;\">ganan <\/span><span style=\"font-weight: 400;\">2014 Taiwan Excellence Awards. <\/span><span style=\"font-weight: 400;\"><br \/><\/span><span style=\"font-weight: 400;\"><br \/><\/span><span style=\"font-weight: 400;\">The Taiwan Excellence Awards are yearly awards given out by the Ministry of Economic Affairs (MOEA) and Taiwan External Trade Development Council with the winner selection method based on four criteria: R&amp;D, dise\u00f1o, calidad y marketing. <\/span><\/p>\n<p><span style=\"font-weight: 400;\">A s\u00f3lo un m\u00e1ximo de ocho productos se les otorga el Premio de oro.<\/span> <\/p>\n\t\t<\/div>\n\t\t\t\t\n<style>\n#col-955710373 > .col-inner {\n  padding: 0px 0px 0px 8px;\n}\n<\/style>\n\t<\/div>\n\n\t\n\n<style>\n#row-1358860268 > .col > .col-inner {\n  padding: 0px 0px 30px 0px;\n}\n<\/style>\n<\/div>\n<div class=\"row row-collapse align-equal\"  id=\"row-252156922\">\n\n\t<div id=\"col-1342320331\" class=\"col medium-3 small-12 large-3\"  >\n\t\t\t\t<div class=\"col-inner text-left\"  >\n\t\t\t\n\t\t\t\n<h2><span style=\"color: #28b3a9;\">2013 &#8216;<\/span><\/h2>\n\t\t<\/div>\n\t\t\t\t\n<style>\n#col-1342320331 > .col-inner {\n  padding: 0px 0px 0px 0px;\n}\n<\/style>\n\t<\/div>\n\n\t\n\n\t<div id=\"col-784135167\" class=\"col medium-9 small-12 large-9\"  >\n\t\t\t\t<div class=\"col-inner text-left\"  >\n\t\t\t\n\t\t\t\n<p><span style=\"font-weight: 400;\">La silla de ruedas motorizada <\/span><span style=\"font-weight: 400;\">ATIGRA de Karma<\/span><span style=\"font-weight: 400;\">, la silla de ruedas motorizada<\/span><span style=\"font-weight: 400;\">Saber<\/span><span style=\"font-weight: 400;\">, y la silla de ruedas manual <\/span><span style=\"font-weight: 400;\">de la serie Ergo Lite<\/span><span style=\"font-weight: 400;\"> ganan el <\/span><span style=\"font-weight: 400;\">2013 Taiwan Excellence Awards.<\/span><\/p>\n<p>The Taiwan Excellence Awards are yearly awards given out by the Ministry of Economic Affairs (MOEA) and Taiwan External Trade Development Council with the winner selection method based on four criteria: R&amp;D, design, quality, and marketing.<\/p>\n\t\t<\/div>\n\t\t\t\t\n<style>\n#col-784135167 > .col-inner {\n  padding: 0px 0px 0px 8px;\n}\n<\/style>\n\t<\/div>\n\n\t\n\n<style>\n#row-252156922 > .col > .col-inner {\n  padding: 0px 0px 30px 0px;\n}\n<\/style>\n<\/div>\n\t\t<\/div>\n\t\t\t\t\n<style>\n#col-226715800 > .col-inner {\n  padding: 110px 100px 70px 120px;\n}\n<\/style>\n\t<\/div>\n\n\t\n<\/div>\n\t\t<\/div>\n\n\t\t\n<style>\n#section_888650503 {\n  padding-top: 0px;\n  padding-bottom: 0px;\n}\n#section_888650503 .ux-shape-divider--top svg {\n  height: 150px;\n  --divider-top-width: 100%;\n}\n#section_888650503 .ux-shape-divider--bottom svg {\n  height: 150px;\n  --divider-width: 100%;\n}\n<\/style>\n\t<\/section>\n\t\n","protected":false},"excerpt":{"rendered":"","protected":false},"author":41,"featured_media":0,"parent":0,"menu_order":0,"comment_status":"closed","ping_status":"closed","template":"page-transparent-header.php","meta":{"content-type":"","footnotes":""},"categories":[],"tags":[],"class_list":["post-13082","page","type-page","status-publish","hentry"],"aioseo_notices":[],"_links":{"self":[{"href":"https:\/\/www.karmamedical.com\/es\/wp-json\/wp\/v2\/pages\/13082","targetHints":{"allow":["GET"]}}],"collection":[{"href":"https:\/\/www.karmamedical.com\/es\/wp-json\/wp\/v2\/pages"}],"about":[{"href":"https:\/\/www.karmamedical.com\/es\/wp-json\/wp\/v2\/types\/page"}],"author":[{"embeddable":true,"href":"https:\/\/www.karmamedical.com\/es\/wp-json\/wp\/v2\/users\/41"}],"replies":[{"embeddable":true,"href":"https:\/\/www.karmamedical.com\/es\/wp-json\/wp\/v2\/comments?post=13082"}],"version-history":[{"count":2,"href":"https:\/\/www.karmamedical.com\/es\/wp-json\/wp\/v2\/pages\/13082\/revisions"}],"predecessor-version":[{"id":15136,"href":"https:\/\/www.karmamedical.com\/es\/wp-json\/wp\/v2\/pages\/13082\/revisions\/15136"}],"wp:attachment":[{"href":"https:\/\/www.karmamedical.com\/es\/wp-json\/wp\/v2\/media?parent=13082"}],"wp:term":[{"taxonomy":"category","embeddable":true,"href":"https:\/\/www.karmamedical.com\/es\/wp-json\/wp\/v2\/categories?post=13082"},{"taxonomy":"post_tag","embeddable":true,"href":"https:\/\/www.karmamedical.com\/es\/wp-json\/wp\/v2\/tags?post=13082"}],"curies":[{"name":"wp","href":"https:\/\/api.w.org\/{rel}","templated":true}]}}