{"id":13136,"date":"2018-07-27T16:51:05","date_gmt":"2018-07-27T08:51:05","guid":{"rendered":"https:\/\/www.karmamedical.com\/news\/"},"modified":"2018-07-27T16:51:05","modified_gmt":"2018-07-27T08:51:05","slug":"news","status":"publish","type":"page","link":"https:\/\/www.karmamedical.com\/es\/news\/","title":{"rendered":"News &#038; Media"},"content":{"rendered":"\t<section class=\"section\" id=\"section_1744605109\">\n\t\t<div class=\"bg section-bg fill bg-fill  \" >\n\n\t\t\t\n\t\t\t\n\t\t\t\n\n\t\t<\/div>\n\n\t\t\n\n\t\t<div class=\"section-content relative\">\n\t\t\t\n<div class=\"row align-middle align-center\"  id=\"row-366379131\">\n\n\t<div id=\"col-858933283\" class=\"col page_head small-12 large-12\"  >\n\t\t\t\t<div class=\"col-inner text-center\"  >\n\t\t\t\n\t\t\t\n<h1 style=\"color: #fff; font-weight: 400; letter-spacing: 0.025em; font-size: 48px; text-shadow: black 0 0 0.6em;\">News<\/h1>\n\t\t<\/div>\n\t\t\t\t\n<style>\n#col-858933283 > .col-inner {\n  padding: 80px 0px 0px 0px;\n  margin: 15px 0px -25px 0px;\n}\n<\/style>\n\t<\/div>\n\n\t\n<\/div>\n\t\t<\/div>\n\n\t\t\n<style>\n#section_1744605109 {\n  padding-top: 0px;\n  padding-bottom: 0px;\n}\n#section_1744605109 .section-bg.bg-loaded {\n  background-image: url(https:\/\/www.karmamedical.com\/wp-content\/uploads\/2018\/07\/news-head.jpg);\n}\n#section_1744605109 .ux-shape-divider--top svg {\n  height: 150px;\n  --divider-top-width: 100%;\n}\n#section_1744605109 .ux-shape-divider--bottom svg {\n  height: 150px;\n  --divider-width: 100%;\n}\n@media (min-width:550px) {\n  #section_1744605109 {\n    padding-top: 30px;\n    padding-bottom: 30px;\n  }\n}\n<\/style>\n\t<\/section>\n\t\n\t<section class=\"section\" id=\"section_457166408\">\n\t\t<div class=\"bg section-bg fill bg-fill  bg-loaded\" >\n\n\t\t\t\n\t\t\t\n\t\t\t\n\n\t\t<\/div>\n\n\t\t\n\n\t\t<div class=\"section-content relative\">\n\t\t\t\n<div class=\"row align-center\"  id=\"row-907050415\">\n\n\t<div id=\"col-98369524\" class=\"col post_border small-12 large-12\"  >\n\t\t\t\t<div class=\"col-inner\"  >\n\t\t\t\n\t\t\t\n<div class=\"pt-cv-wrapper\"><div class=\"pt-cv-view pt-cv-grid pt-cv-colsys pt-cv-pgregular\" id=\"pt-cv-view-f08ec8b8x7\"><div data-id=\"pt-cv-page-1\" class=\"pt-cv-page\" data-cvc=\"1\"><div class=\"col-md-12 col-sm-12 col-xs-12 pt-cv-content-item pt-cv-2-col\"  data-pid=\"14137\"><div class='pt-cv-ifield'><a href=\"https:\/\/www.karmamedical.com\/es\/2018\/11\/soma215\/\" class=\"_blank pt-cv-href-thumbnail pt-cv-thumb-left cvplbd cvp-responsive-image img-none\" target=\"_blank\" data-iw=\"399\" data-ih=\"219\"><img decoding=\"async\" width=\"1000\" height=\"563\" src=\"https:\/\/www.karmamedical.com\/wp-content\/uploads\/2018\/11\/2019-\u53f0\u7063\u7cbe\u54c1\u734e-SOMA215-EN.jpg\" class=\"pt-cv-thumbnail img-none pull-left no-lazyload \" alt=\"Felicitaciones a SOMA 215 por ganar el Premio de excelencia de Taiwan 2019\" srcset=\"https:\/\/www.karmamedical.com\/wp-content\/uploads\/2018\/11\/2019-\u53f0\u7063\u7cbe\u54c1\u734e-SOMA215-EN.jpg 1000w, https:\/\/www.karmamedical.com\/wp-content\/uploads\/2018\/11\/2019-\u53f0\u7063\u7cbe\u54c1\u734e-SOMA215-EN-300x169.jpg 300w, https:\/\/www.karmamedical.com\/wp-content\/uploads\/2018\/11\/2019-\u53f0\u7063\u7cbe\u54c1\u734e-SOMA215-EN-768x432.jpg 768w, https:\/\/www.karmamedical.com\/wp-content\/uploads\/2018\/11\/2019-\u53f0\u7063\u7cbe\u54c1\u734e-SOMA215-EN-600x338.jpg 600w\" sizes=\"(max-width: 1000px) 100vw, 1000px\" data-no-lazy=\"1\" \/><\/a>\n<div class=\"pt-cv-colwrap\"><h4 class=\"pt-cv-title\"><a href=\"https:\/\/www.karmamedical.com\/es\/2018\/11\/soma215\/\" class=\"_blank cvplbd\" target=\"_blank\" >Felicitaciones a SOMA 215 por ganar el Premio de excelencia de Taiwan 2019<\/a><\/h4><div class=\"pt-cv-meta-fields\"><span class=\"author\"> <a href=\"https:\/\/www.karmamedical.com\/es\/author\/shin\/\" rel=\"author\">Karma Medical Global<\/a><\/span><span> \/ <\/span><span class=\"entry-date\"> <time datetime=\"2018-11-12T12:30:12+08:00\">noviembre 12, 2018<\/time><\/span><\/div><div class=\"pt-cv-content\">Estamos muy honrados de compartir con ustedes esta gran noticia durante la \u00e9poca m\u00e1s agradecida del a\u00f1o. SOMA 215 sobresali\u00f3 entre m\u00e1s de 1000 productos competidores y fue anunciado como uno de los ganadores del Premio de excelencia 2019 Taiwan, ganando el premio por s\u00e9ptimo a\u00f1o consecutivo. Es una continuaci\u00f3n sobresaliente a la victoria del a\u00f1o pasado por EVO Lectus ... <a href=\"https:\/\/www.karmamedical.com\/es\/2018\/11\/soma215\/\" class=\"_blank pt-cv-readmore pt-cv-textlink cvplbd\" target=\"_blank\">Read More&gt;<\/a><\/div><\/div><\/div><\/div>\n<div class=\"col-md-12 col-sm-12 col-xs-12 pt-cv-content-item pt-cv-2-col\"  data-pid=\"14141\"><div class='pt-cv-ifield'><a href=\"https:\/\/www.karmamedical.com\/es\/2018\/07\/news-4\/\" class=\"_blank pt-cv-href-thumbnail pt-cv-thumb-left cvplbd cvp-responsive-image img-none\" target=\"_blank\" data-iw=\"399\" data-ih=\"219\"><img decoding=\"async\" width=\"800\" height=\"400\" src=\"https:\/\/www.karmamedical.com\/wp-content\/uploads\/2018\/07\/2018-reddot-800x400.jpg\" class=\"pt-cv-thumbnail img-none pull-left no-lazyload \" alt=\"Karma EvO Altus ganadora del 2018 Red Dot Product Design Award\" srcset=\"https:\/\/www.karmamedical.com\/wp-content\/uploads\/2018\/07\/2018-reddot-800x400.jpg 800w, https:\/\/www.karmamedical.com\/wp-content\/uploads\/2018\/07\/2018-reddot-800x400-300x150.jpg 300w, https:\/\/www.karmamedical.com\/wp-content\/uploads\/2018\/07\/2018-reddot-800x400-768x384.jpg 768w, https:\/\/www.karmamedical.com\/wp-content\/uploads\/2018\/07\/2018-reddot-800x400-600x300.jpg 600w\" sizes=\"(max-width: 800px) 100vw, 800px\" data-no-lazy=\"1\" \/><\/a>\n<div class=\"pt-cv-colwrap\"><h4 class=\"pt-cv-title\"><a href=\"https:\/\/www.karmamedical.com\/es\/2018\/07\/news-4\/\" class=\"_blank cvplbd\" target=\"_blank\" data-iw=\"399\" data-ih=\"219\">Karma EvO Altus ganadora del 2018 Red Dot Product Design Award<\/a><\/h4><div class=\"pt-cv-meta-fields\"><span class=\"author\"> <a href=\"https:\/\/www.karmamedical.com\/es\/author\/paige\/\" rel=\"author\">paige<\/a><\/span><span> \/ <\/span><span class=\"entry-date\"> <time datetime=\"2018-07-31T18:54:55+08:00\">julio 31, 2018<\/time><\/span><\/div><div class=\"pt-cv-content\">\u00a0 Estamos muy orgullosos de anunciar que EVO Altus, la nueva silla de ruedas el\u00e9ctrica de pie ha sido galardonada como una de las ganadoras de red dot de 2018 Red Dot Award-dise\u00f1o de productos. Eric van Olst, the chief of product innovation &amp; Kenny Chen, the CEO of Karma Medical.2018 Red Dot Award Ceremony on 9th.July 2018 at Essen, ... <a href=\"https:\/\/www.karmamedical.com\/es\/2018\/07\/news-4\/\" class=\"_blank pt-cv-readmore pt-cv-textlink cvplbd\" target=\"_blank\" data-iw=\"399\" data-ih=\"219\">Read More&gt;<\/a><\/div><\/div><\/div><\/div>\n<div class=\"col-md-12 col-sm-12 col-xs-12 pt-cv-content-item pt-cv-2-col\"  data-pid=\"14145\"><div class='pt-cv-ifield'><a href=\"https:\/\/www.karmamedical.com\/es\/2017\/12\/news-7\/\" class=\"_blank pt-cv-href-thumbnail pt-cv-thumb-left cvplbd cvp-responsive-image img-none\" target=\"_blank\" data-iw=\"399\" data-ih=\"219\"><img decoding=\"async\" width=\"883\" height=\"597\" src=\"https:\/\/www.karmamedical.com\/wp-content\/uploads\/2018\/09\/\u91d1\u8cea.jpg\" class=\"pt-cv-thumbnail img-none pull-left no-lazyload \" alt=\"Karma EvO Lectus ganando el 2018 Taiwan Excellence Gold Award\" srcset=\"https:\/\/www.karmamedical.com\/wp-content\/uploads\/2018\/09\/\u91d1\u8cea.jpg 883w, https:\/\/www.karmamedical.com\/wp-content\/uploads\/2018\/09\/\u91d1\u8cea-300x203.jpg 300w, https:\/\/www.karmamedical.com\/wp-content\/uploads\/2018\/09\/\u91d1\u8cea-768x519.jpg 768w, https:\/\/www.karmamedical.com\/wp-content\/uploads\/2018\/09\/\u91d1\u8cea-600x406.jpg 600w\" sizes=\"(max-width: 883px) 100vw, 883px\" data-no-lazy=\"1\" \/><\/a>\n<div class=\"pt-cv-colwrap\"><h4 class=\"pt-cv-title\"><a href=\"https:\/\/www.karmamedical.com\/es\/2017\/12\/news-7\/\" class=\"_blank cvplbd\" target=\"_blank\" data-iw=\"399\" data-ih=\"219\">Karma EvO Lectus ganando el 2018 Taiwan Excellence Gold Award<\/a><\/h4><div class=\"pt-cv-meta-fields\"><span class=\"author\"> <a href=\"https:\/\/www.karmamedical.com\/es\/author\/paige\/\" rel=\"author\">paige<\/a><\/span><span> \/ <\/span><span class=\"entry-date\"> <time datetime=\"2017-12-05T19:32:03+08:00\">diciembre 5, 2017<\/time><\/span><\/div><div class=\"pt-cv-content\">EVO LECTUS de Karma se destac\u00f3 de 1109 productos y se convirti\u00f3 en uno de los diez productos de primera categor\u00eda que ganan el Premio de oro de la excelencia de Taiwan 2018. Este es el segundo premio que EVO Lectus ha recibido despu\u00e9s del Premio iF Design del 2015. Tambi\u00e9n es el segundo premio de oro de la excelencia ... <a href=\"https:\/\/www.karmamedical.com\/es\/2017\/12\/news-7\/\" class=\"_blank pt-cv-readmore pt-cv-textlink cvplbd\" target=\"_blank\" data-iw=\"399\" data-ih=\"219\">Read More&gt;<\/a><\/div><\/div><\/div><\/div><\/div><\/div><\/div>\t\t\t<style type=\"text\/css\" id=\"pt-cv-inline-style-0e09468lkh\">#pt-cv-view-f08ec8b8x7 .pt-cv-content-item { padding-bottom: 20px !important; }\n#pt-cv-view-f08ec8b8x7 .pt-cv-ifield { padding-bottom: 35px !important; }\n#pt-cv-view-f08ec8b8x7 .pt-cv-title a, #pt-cv-view-f08ec8b8x7  .panel-title { font-weight: 600 !important; }\n#pt-cv-view-f08ec8b8x7 .pt-cv-content , #pt-cv-view-f08ec8b8x7  .pt-cv-content *:not(.pt-cv-readmore):not(style):not(script) { font-size: 16px !important; line-height: 1.3 !important; color: #878787 !important; }\n#pt-cv-view-f08ec8b8x7 .pt-cv-carousel-caption  { background-color: rgba(51,51,51,.6) !important; }\n#pt-cv-view-f08ec8b8x7 .pt-cv-meta-fields * { font-size: 12px !important; line-height: 1.3 !important; color: #333333 !important; }\n#pt-cv-view-f08ec8b8x7 .pt-cv-specialp { background-color: #CC3333 !important }\n#pt-cv-view-f08ec8b8x7 .pt-cv-specialp * { color: #fff !important; }\n#pt-cv-view-f08ec8b8x7 .pt-cv-pficon  { color: #bbb !important; }\n#pt-cv-view-f08ec8b8x7 .pt-cv-readmore  { color: #28b3a9 !important; }\n#pt-cv-view-f08ec8b8x7 .pt-cv-readmore:hover  { color: #000000 !important; background-color: rgba(239,239,239,0) !important; }\n#pt-cv-view-f08ec8b8x7  + .pt-cv-pagination-wrapper .pt-cv-more , #pt-cv-view-f08ec8b8x7  + .pt-cv-pagination-wrapper .pagination .active a { color: #ffffff !important; background-color: #28b3a9 !important; }\n#pt-cv-view-f08ec8b8x7 .cvp-responsive-image[style*=\"background-image\"] { width: 399px; height: 219px; }<\/style>\r\n\t\t\t\n\t\t<\/div>\n\t\t\t\t\t<\/div>\n\n\t\n<\/div>\n\t\t<\/div>\n\n\t\t\n<style>\n#section_457166408 {\n  padding-top: 30px;\n  padding-bottom: 30px;\n}\n#section_457166408 .ux-shape-divider--top svg {\n  height: 150px;\n  --divider-top-width: 100%;\n}\n#section_457166408 .ux-shape-divider--bottom svg {\n  height: 150px;\n  --divider-width: 100%;\n}\n<\/style>\n\t<\/section>\n\t\n","protected":false},"excerpt":{"rendered":"","protected":false},"author":8,"featured_media":0,"parent":0,"menu_order":0,"comment_status":"closed","ping_status":"closed","template":"page-transparent-header.php","meta":{"content-type":"","footnotes":""},"categories":[],"tags":[],"class_list":["post-13136","page","type-page","status-publish","hentry"],"aioseo_notices":[],"_links":{"self":[{"href":"https:\/\/www.karmamedical.com\/es\/wp-json\/wp\/v2\/pages\/13136","targetHints":{"allow":["GET"]}}],"collection":[{"href":"https:\/\/www.karmamedical.com\/es\/wp-json\/wp\/v2\/pages"}],"about":[{"href":"https:\/\/www.karmamedical.com\/es\/wp-json\/wp\/v2\/types\/page"}],"author":[{"embeddable":true,"href":"https:\/\/www.karmamedical.com\/es\/wp-json\/wp\/v2\/users\/8"}],"replies":[{"embeddable":true,"href":"https:\/\/www.karmamedical.com\/es\/wp-json\/wp\/v2\/comments?post=13136"}],"version-history":[{"count":0,"href":"https:\/\/www.karmamedical.com\/es\/wp-json\/wp\/v2\/pages\/13136\/revisions"}],"wp:attachment":[{"href":"https:\/\/www.karmamedical.com\/es\/wp-json\/wp\/v2\/media?parent=13136"}],"wp:term":[{"taxonomy":"category","embeddable":true,"href":"https:\/\/www.karmamedical.com\/es\/wp-json\/wp\/v2\/categories?post=13136"},{"taxonomy":"post_tag","embeddable":true,"href":"https:\/\/www.karmamedical.com\/es\/wp-json\/wp\/v2\/tags?post=13136"}],"curies":[{"name":"wp","href":"https:\/\/api.w.org\/{rel}","templated":true}]}}